{"id":145,"date":"2015-09-28T16:00:31","date_gmt":"2015-09-28T16:00:31","guid":{"rendered":"http:\/\/plethorathemes.com\/healthx\/?page_id=145"},"modified":"2023-04-24T15:03:55","modified_gmt":"2023-04-24T15:03:55","slug":"home","status":"publish","type":"page","link":"https:\/\/www.elenamonje.es\/wp\/","title":{"rendered":"Home"},"content":{"rendered":"<p>[vc_row color_set=\u00bbsecondary_section\u00bb full_width=\u00bb0&#8243; full_height=\u00bb0&#8243; row_padding=\u00bbno_padding\u00bb cols_padding=\u00bbno_cols_padding\u00bb elevate=\u00bbelevate\u00bb background=\u00bbtransparent\u00bb el_class=\u00bbfolded_section\u00bb][vc_column width=\u00bb1\/4&#8243; color_set=\u00bbskincolored_section\u00bb background=\u00bbtransparent\u00bb offset=\u00bbvc_col-xs-6&#8243; css=\u00bb.vc_custom_1587802078830{background-color: #579581 !important;}\u00bb]<!-- ========================== TEASER BOX ==========================-->\n<div class=\"teaser_box wpb_content_element text-center  transparent boxed same_height_col  with_button    \">\n\n  <div class=\"figure transparent\">\n\n\n      <a href=\"http:\/\/www.silvestremartinez.es\/wp\/prueba-otorrinolaringologia\/\" debug title=\"Otorrinolaringolog\u00eda\" target=\"\"> \n\n        \n        \n        \n         <img src=\"https:\/\/www.elenamonje.es\/wp\/wp-content\/uploads\/2020\/04\/orl-transpa-130-100.png\" alt=\"Otorrinolaringolog\u00eda\">   \n\n        \n\n    <\/a>\n\n  <\/div>\n\n\n\n  <div class=\"content text-center   with_button \">\n    \n    <div class=\"hgroup\">\n       <h4 class=\"neutralize_links\">\n       Otorrinolaringolog\u00eda\n       <\/h4>\n       <p>Oido, nariz, garganta y cuello<\/p> \n    <\/div>\n\n    \n\n    <div class=\"link centered\">\n        <a href=\"http:\/\/www.silvestremartinez.es\/wp\/prueba-otorrinolaringologia\/\" Otorrinolaringolog\u00eda target=\"\" class=\"btn btn-xs btn-secondary\"><strong>Leer m\u00e1s<\/strong><\/a>\n    <\/div>\n\n  <\/div>\n\n<\/div>\n\n<!-- END======================= TEASER BOX ==========================-->[\/vc_column][vc_column width=\u00bb1\/4&#8243; color_set=\u00bbsecondary_section\u00bb background=\u00bbtransparent\u00bb offset=\u00bbvc_col-xs-6&#8243; css=\u00bb.vc_custom_1587802111110{background-color: #74ceb1 !important;}\u00bb]<!-- ========================== TEASER BOX ==========================-->\n<div class=\"teaser_box wpb_content_element text-center  transparent boxed same_height_col  with_button    \">\n\n  <div class=\"figure transparent\">\n\n\n      <a href=\"https:\/\/www.elenamonje.es\/wp\/d-silvestre-martinez\/\" debug title=\"Dermatolog\u00eda\" target=\"\"> \n\n        \n        \n        \n         <img src=\"https:\/\/www.elenamonje.es\/wp\/wp-content\/uploads\/2020\/04\/pelos-130-100-definitvos.png\" alt=\"Dermatolog\u00eda\">   \n\n        \n\n    <\/a>\n\n  <\/div>\n\n\n\n  <div class=\"content text-center   with_button \">\n    \n    <div class=\"hgroup\">\n       <h4 class=\"neutralize_links\">\n       Dermatolog\u00eda\n       <\/h4>\n       <p>Piel y anejos<\/p> \n    <\/div>\n\n    \n\n    <div class=\"link centered\">\n        <a href=\"https:\/\/www.elenamonje.es\/wp\/d-silvestre-martinez\/\" Dermatolog\u00eda target=\"\" class=\"btn btn-xs btn-secondary\"><strong>Leer m\u00e1s<\/strong><\/a>\n    <\/div>\n\n  <\/div>\n\n<\/div>\n\n<!-- END======================= TEASER BOX ==========================-->[\/vc_column][vc_column width=\u00bb1\/4&#8243; color_set=\u00bbskincolored_section\u00bb offset=\u00bbvc_col-xs-6&#8243; css=\u00bb.vc_custom_1587802171725{background-color: #579581 !important;}\u00bb]<!-- ========================== TEASER BOX ==========================-->\n<div class=\"teaser_box wpb_content_element text-center  transparent boxed same_height_col  with_button    \">\n\n  <div class=\"figure transparent\">\n\n\n      <a href=\"http:\/\/www.silvestremartinez.es\/wp\/faq\/\" debug title=\"Preguntas frecuentes\" target=\"\"> \n\n        \n        \n        \n         <img src=\"https:\/\/www.elenamonje.es\/wp\/wp-content\/uploads\/2015\/09\/icon_doctor1.png\" alt=\"Preguntas frecuentes\">   \n\n        \n\n    <\/a>\n\n  <\/div>\n\n\n\n  <div class=\"content text-center   with_button \">\n    \n    <div class=\"hgroup\">\n       <h4 class=\"neutralize_links\">\n       Preguntas frecuentes\n       <\/h4>\n       <p>Preguntas frecuentes<\/p> \n    <\/div>\n\n    \n\n    <div class=\"link centered\">\n        <a href=\"http:\/\/www.silvestremartinez.es\/wp\/faq\/\" Preguntas frecuentes target=\"\" class=\"btn btn-xs btn-secondary\"><strong>Leer m\u00e1s<\/strong><\/a>\n    <\/div>\n\n  <\/div>\n\n<\/div>\n\n<!-- END======================= TEASER BOX ==========================-->[\/vc_column][vc_column width=\u00bb1\/4&#8243; color_set=\u00bbskincolored_section\u00bb background=\u00bbtransparent\u00bb offset=\u00bbvc_col-xs-6&#8243; css=\u00bb.vc_custom_1587802190768{background-color: #74ceb1 !important;}\u00bb]<!-- ========================== TEASER BOX ==========================-->\n<div class=\"teaser_box wpb_content_element text-center  transparent boxed same_height_col  with_button    \">\n\n  <div class=\"figure transparent\">\n\n\n      <a href=\"https:\/\/www.elenamonje.es\/wp\/contact\/\" debug title=\"P\u00e1gina de ejemplo\" target=\"\"> \n\n        \n        \n        \n         <img src=\"https:\/\/www.elenamonje.es\/wp\/wp-content\/uploads\/2015\/09\/icon_help_desk1.png\" alt=\"Solicitar una cita\">   \n\n        \n\n    <\/a>\n\n  <\/div>\n\n\n\n  <div class=\"content text-center   with_button \">\n    \n    <div class=\"hgroup\">\n       <h4 class=\"neutralize_links\">\n       Solicitar una cita\n       <\/h4>\n       <p>Ponte en contacto con nosotros<\/p> \n    <\/div>\n\n    \n\n    <div class=\"link centered\">\n        <a href=\"https:\/\/www.elenamonje.es\/wp\/contact\/\" P\u00e1gina de ejemplo target=\"\" class=\"btn btn-xs btn-secondary\"><strong>Leer m\u00e1s<\/strong><\/a>\n    <\/div>\n\n  <\/div>\n\n<\/div>\n\n<!-- END======================= TEASER BOX ==========================-->[\/vc_column][\/vc_row][vc_row full_width=\u00bb0&#8243; full_height=\u00bb0&#8243; row_padding=\u00bbno_top_padding\u00bb sep_bottom=\u00bbseparator_bottom sep_angled_positive_bottom\u00bb particles=\u00bb0&#8243; css=\u00bb.vc_custom_1586777262852{padding-bottom: 32px !important;}\u00bb][vc_column]<div class=\"section_header subtitle_bottom   fancy text-left\">\n\n    <h2>Bienvenidos a nuestra consulta<\/h2>\n\n\n        <p >Trabajamos para solucionar todas las cuestiones relacionadas con la piel.<\/p>\n<\/div>[\/vc_column][vc_column width=\u00bb2\/3&#8243; heading_align=\u00bbtext-center\u00bb align=\u00bbtext-left\u00bb margin=\u00bbmargin_bottom_grid\u00bb][vc_column_text]Atendemos a nuestros pacientes de forma cercana y personalizada. La implantaci\u00f3n de las nuevas tecnolog\u00edas y el conocimiento de los \u00faltimos avances en dermatolog\u00eda hace de nuestra consulta un centro de referencia especializado.<\/p>\n<p>[\/vc_column_text][vc_text_separator title=\u00bbsaludos\u00bb title_align=\u00bbseparator_align_left\u00bb align=\u00bbalign_right\u00bb color=\u00bbblack\u00bb][vc_column_text]Nuestra experiencia en la cl\u00ednica desde el a\u00f1o 2007, nos ha permitido avanzar personal y profesionalmente, estando actualmente muy satisfecho de las metas conseguidas.<\/p>\n<p>Estamos a 5 minutos del Parque de la Paloma. Arroyo de la Miel. M\u00e1laga.[\/vc_column_text][\/vc_column][vc_column width=\u00bb1\/3&#8243; align=\u00bbtext-left\u00bb]<!-- ========================== TEASER BOX ==========================-->\n<div class=\"teaser_box wpb_content_element text-center image_hover light_section    with_button    \">\n\n  <div class=\"figure \">\n\n\n      <a href=\"https:\/\/www.elenamonje.es\/wp\/visit-guide\/\" debug title=\"Solicitar cita\" target=\"\"> \n\n        \n         <div class=\"figure  stretchy_wrapper ratio_16-9\" style=\"background-image:url('https:\/\/www.elenamonje.es\/wp\/wp-content\/uploads\/2020\/04\/Entrada_Parque_de_la_Paloma.jpg')\"><\/div> \n        \n          \n\n        \n\n    <\/a>\n\n  <\/div>\n\n\n\n  <div class=\"content text-center boxed  with_button \">\n    \n    <div class=\"hgroup\">\n       <h4 class=\"neutralize_links\">\n       Donde estamos\n       <\/h4>\n       <p>Planea tu visita<\/p> \n    <\/div>\n\n    \n\n    <div class=\"link centered\">\n        <a href=\"https:\/\/www.elenamonje.es\/wp\/visit-guide\/\" Solicitar cita target=\"\" class=\"btn btn-xs btn-secondary\"><strong>Leer m\u00e1s<\/strong><\/a>\n    <\/div>\n\n  <\/div>\n\n<\/div>\n\n<!-- END======================= TEASER BOX ==========================-->[\/vc_column][\/vc_row][vc_row full_width=\u00bb0&#8243; full_height=\u00bb0&#8243; particles=\u00bb0&#8243; css=\u00bb.vc_custom_1587629956090{padding-top: 32px !important;padding-bottom: 32px !important;}\u00bb][vc_column]<div class=\"section_header subtitle_bottom   fancy text-left\">\n\n    <h2>Quienes somos<\/h2>\n<p>Nuestras \u00e1reas de trabajo.<\/p>\n\n\n        <p ><\/p>\n<\/div>[vc_row_inner][vc_column_inner width=\u00bb1\/3&#8243; heading_align=\u00bbtext-center\u00bb align=\u00bbtext-center\u00bb color_set=\u00bbsecondary_section\u00bb heading=\u00bbOtorrino\u00bb css=\u00bb.vc_custom_1587629679492{padding-top: 32px !important;}\u00bb]<!-- ========================== TEASER BOX ==========================-->\n<div class=\"teaser_box wpb_content_element text-center  light_section    with_button    \">\n\n  <div class=\"figure transparent\">\n\n\n      <a href=\"https:\/\/www.elenamonje.es\/wp\/prueba-otorrinolaringologia\/\" debug title=\"Otorrinolaringolog\u00eda\" target=\"\"> \n\n        \n         <div class=\"figure transparent stretchy_wrapper ratio_4-3\" style=\"background-image:url('https:\/\/www.elenamonje.es\/wp\/wp-content\/uploads\/2015\/09\/Dra-Elena-Monje.jpg')\"><\/div> \n        \n          \n\n        \n\n    <\/a>\n\n  <\/div>\n\n\n\n  <div class=\"content text-center boxed_special  with_button \">\n    \n    <div class=\"hgroup\">\n       <h4 class=\"neutralize_links\">\n       Otorrino\n       <\/h4>\n       <p>Dra. Elena Monje<\/p> \n    <\/div>\n\n    \n\n    <div class=\"link centered\">\n        <a href=\"https:\/\/www.elenamonje.es\/wp\/prueba-otorrinolaringologia\/\" Otorrinolaringolog\u00eda target=\"\" class=\"btn btn-xs btn-primary\"><strong>Leer m\u00e1s<\/strong><\/a>\n    <\/div>\n\n  <\/div>\n\n<\/div>\n\n<!-- END======================= TEASER BOX ==========================-->[\/vc_column_inner][vc_column_inner width=\u00bb1\/3&#8243; heading_align=\u00bbtext-center\u00bb align=\u00bbtext-center\u00bb color_set=\u00bbsecondary_section\u00bb heading=\u00bbDermatolog\u00eda\u00bb css=\u00bb.vc_custom_1587629687513{padding-top: 32px !important;}\u00bb]<!-- ========================== TEASER BOX ==========================-->\n<div class=\"teaser_box wpb_content_element text-center  light_section    with_button    \">\n\n  <div class=\"figure transparent\">\n\n\n      <a href=\"https:\/\/www.elenamonje.es\/wp\/d-silvestre-martinez\/\" debug title=\"Dr Silvestre Mart\u00ednez\" target=\"\"> \n\n        \n         <div class=\"figure transparent stretchy_wrapper ratio_4-3\" style=\"background-image:url('https:\/\/www.elenamonje.es\/wp\/wp-content\/uploads\/2015\/09\/foto-carnet-mia-web.jpg')\"><\/div> \n        \n          \n\n        \n\n    <\/a>\n\n  <\/div>\n\n\n\n  <div class=\"content text-center boxed_special  with_button \">\n    \n    <div class=\"hgroup\">\n       <h4 class=\"neutralize_links\">\n       Dermatolog\u00eda\n       <\/h4>\n       <p>Dr. Silvestre Mart\u00ednez<\/p> \n    <\/div>\n\n    \n\n    <div class=\"link centered\">\n        <a href=\"https:\/\/www.elenamonje.es\/wp\/d-silvestre-martinez\/\" Dr Silvestre Mart\u00ednez target=\"\" class=\"btn btn-xs btn-primary\"><strong>Leer m\u00e1s<\/strong><\/a>\n    <\/div>\n\n  <\/div>\n\n<\/div>\n\n<!-- END======================= TEASER BOX ==========================-->[\/vc_column_inner][vc_column_inner width=\u00bb1\/3&#8243; heading_align=\u00bbtext-center\u00bb align=\u00bbtext-center\u00bb color_set=\u00bbskincolored_section\u00bb css=\u00bb.vc_custom_1587629505262{padding-top: 32px !important;}\u00bb heading=\u00bbAdministraci\u00f3n\u00bb]<!-- ========================== TEASER BOX ==========================-->\n<div class=\"teaser_box wpb_content_element text-center  light_section    with_button    \">\n\n  <div class=\"figure \">\n\n\n      <a href=\"https:\/\/www.elenamonje.es\/wp\/profile\/ema-blumingdale\/\" debug title=\"Lydia Castro Mart\u00ednez\" target=\"\"> \n\n        \n         <div class=\"figure  stretchy_wrapper ratio_4-3\" style=\"background-image:url('https:\/\/www.elenamonje.es\/wp\/wp-content\/uploads\/2020\/04\/foto-carnet-lidia-web.jpg')\"><\/div> \n        \n          \n\n        \n\n    <\/a>\n\n  <\/div>\n\n\n\n  <div class=\"content text-center boxed_special  with_button \">\n    \n    <div class=\"hgroup\">\n       <h4 class=\"neutralize_links\">\n       ADMINISTRACI\u00d3N\n       <\/h4>\n       <p>Sta. Lidia Castro<\/p> \n    <\/div>\n\n    \n\n    <div class=\"link centered\">\n        <a href=\"https:\/\/www.elenamonje.es\/wp\/profile\/ema-blumingdale\/\" Lydia Castro Mart\u00ednez target=\"\" class=\"btn btn-xs btn-primary\"><strong>Leer m\u00e1s<\/strong><\/a>\n    <\/div>\n\n  <\/div>\n\n<\/div>\n\n<!-- END======================= TEASER BOX ==========================-->[\/vc_column_inner][\/vc_row_inner][\/vc_column][\/vc_row][vc_row full_width=\u00bb0&#8243; full_height=\u00bb0&#8243; sep_top=\u00bbseparator_top sep_angled_positive_top\u00bb sep_bottom=\u00bbseparator_bottom sep_angled_positive_bottom\u00bb particles=\u00bb0&#8243;][vc_column]<div class=\"section_header subtitle_bottom   fancy text-left\">\n\n    <h2>\u00c1reas de tratamiento en Otorrinolaringolog\u00eda<\/h2>\n\n\n        <p >Inf\u00f3rmate de los distintos tratamientos que realizamos en nuestra cl\u00ednica<\/p>\n<\/div>[\/vc_column][vc_column heading_align=\u00bbtext-center\u00bb align=\u00bbtext-left\u00bb margin=\u00bbmargin_bottom_grid\u00bb offset=\u00bbvc_col-md-8&#8243;][vc_row_inner][vc_column_inner width=\u00bb1\/3&#8243;]<!-- ========================== TEASER BOX ==========================-->\n<div class=\"teaser_box wpb_content_element text-center  transparent boxed_special same_height_col  with_button    \">\n\n  <div class=\"figure transparent\">\n\n\n      <a href=\"https:\/\/www.elenamonje.es\/wp\/tratamientos-orl\/\" debug title=\"Fotofinder\" target=\"\"> \n\n        \n        \n        \n         <img src=\"https:\/\/www.elenamonje.es\/wp\/wp-content\/uploads\/2020\/04\/orl-transpa-130-100.png\" alt=\"Cl\u00ednica\">   \n\n        \n\n    <\/a>\n\n  <\/div>\n\n\n\n  <div class=\"content text-center   with_button \">\n    \n    <div class=\"hgroup\">\n       <h4 class=\"neutralize_links\">\n       Cl\u00ednica\n       <\/h4>\n       <p>V\u00e9rtigos, p\u00e9rdidas de audici\u00f3n, etc.<\/p> \n    <\/div>\n\n    \n\n    <div class=\"link centered\">\n        <a href=\"https:\/\/www.elenamonje.es\/wp\/tratamientos-orl\/\" Fotofinder target=\"\" class=\"btn btn-xs btn-primary\"><strong>Leer m\u00e1s<\/strong><\/a>\n    <\/div>\n\n  <\/div>\n\n<\/div>\n\n<!-- END======================= TEASER BOX ==========================-->[\/vc_column_inner][vc_column_inner width=\u00bb1\/3&#8243;]<!-- ========================== TEASER BOX ==========================-->\n<div class=\"teaser_box wpb_content_element text-center  transparent boxed_special same_height_col  with_button    \">\n\n  <div class=\"figure transparent\">\n\n\n      <a href=\"https:\/\/www.elenamonje.es\/wp\/tratamientos-orl\/\" debug title=\"Dermatolog\u00eda\" target=\"\"> \n\n        \n        \n        \n         <img src=\"https:\/\/www.elenamonje.es\/wp\/wp-content\/uploads\/2020\/04\/bisturi-130-100-3.png\" alt=\"Cirug\u00eda\">   \n\n        \n\n    <\/a>\n\n  <\/div>\n\n\n\n  <div class=\"content text-center   with_button \">\n    \n    <div class=\"hgroup\">\n       <h4 class=\"neutralize_links\">\n       Cirug\u00eda\n       <\/h4>\n       <p>Tratamientos quir\u00fargicos<\/p> \n    <\/div>\n\n    \n\n    <div class=\"link centered\">\n        <a href=\"https:\/\/www.elenamonje.es\/wp\/tratamientos-orl\/\" Dermatolog\u00eda target=\"\" class=\"btn btn-xs btn-primary\"><strong>Leer m\u00e1s<\/strong><\/a>\n    <\/div>\n\n  <\/div>\n\n<\/div>\n\n<!-- END======================= TEASER BOX ==========================-->[\/vc_column_inner][vc_column_inner width=\u00bb1\/3&#8243;]<!-- ========================== TEASER BOX ==========================-->\n<div class=\"teaser_box wpb_content_element text-center  transparent boxed_special same_height_col  with_button    \">\n\n  <div class=\"figure transparent\">\n\n\n      <a href=\"https:\/\/www.elenamonje.es\/wp\/tratamientos-orl\/\" debug title=\"Dermatolog\u00eda\" target=\"\"> \n\n        \n        \n        \n         <img src=\"https:\/\/www.elenamonje.es\/wp\/wp-content\/uploads\/2020\/04\/bebe-130-100-4.png\" alt=\"Pediatr\u00eda\">   \n\n        \n\n    <\/a>\n\n  <\/div>\n\n\n\n  <div class=\"content text-center   with_button \">\n    \n    <div class=\"hgroup\">\n       <h4 class=\"neutralize_links\">\n       Pediatr\u00eda\n       <\/h4>\n       <p>Otitis media, am\u00edgdalas, etc.<\/p> \n    <\/div>\n\n    \n\n    <div class=\"link centered\">\n        <a href=\"https:\/\/www.elenamonje.es\/wp\/tratamientos-orl\/\" Dermatolog\u00eda target=\"\" class=\"btn btn-xs btn-primary\"><strong>Leer m\u00e1s<\/strong><\/a>\n    <\/div>\n\n  <\/div>\n\n<\/div>\n\n<!-- END======================= TEASER BOX ==========================-->[\/vc_column_inner][\/vc_row_inner][vc_column_text]<\/p>\n<p style=\"text-align: center;\">Adem\u00e1s de estas \u00e1reas espec\u00edficas, tenemos una cartera de servicio muy amplia en cuanto a la prevenci\u00f3n y tratamiento de las enfermedades del oido, nariz, garganta y cuello.<\/p>\n<p>[\/vc_column_text]<div class=\"plethora_button wpb_content_element   text-center \">\n    <a href=\"https:\/\/www.elenamonje.es\/wp\/tratamientos-orl\/\" debug class=\" btn btn-primary with-icon icon-left\" title=\"Cartera de Servicio\"  target=\"_self\">\n\n         <i class=\"wmi icon-i-pathology\"><\/i> \n        Revisa nuestra cartera de servicio\n        \n\n    <\/a>\n<\/div>[\/vc_column][vc_column align=\u00bbtext-left\u00bb offset=\u00bbvc_col-md-4&#8243;][vc_empty_space][vc_text_separator title=\u00bbHorario de Atenci\u00f3n\u00bb title_align=\u00bbseparator_align_left\u00bb align=\u00bbalign_right\u00bb color=\u00bbblack\u00bb el_class=\u00bbx_bold\u00bb][vc_raw_html]JTNDZGl2JTIwY2xhc3MlM0QlMjJ0aW1ldGFibGUlMjIlM0UlMEElMjAlMjAlM0N0YWJsZSUyMGNsYXNzJTNEJTIydGltZXRhYmxlX2hvdXJzJTIyJTNFJTBBJTIwJTIwJTIwJTIwJTNDdHIlM0UlMEElMjAlMjAlMjAlMjAlMjAlMjAlM0N0ZCUzRUxVTkVTJTNDJTJGdGQlM0UlMEElMjAlMjAlMjAlMjAlMjAlMjAlM0N0ZCUzRTEwJTNBMDAtMTIlM0EwMCUzQyUyRnRkJTNFJTBBJTIwJTIwJTIwJTIwJTNDJTJGdHIlM0UlMEElMjAlMjAlMjAlMjAlM0N0ciUzRSUwQSUyMCUyMCUyMCUyMCUyMCUyMCUzQ3RkJTNFTUFSVEVTJTNDJTJGdGQlM0UlMEElMjAlMjAlMjAlMjAlMjAlMjAlM0N0ZCUzRTE1JTNBMzAtMjAlM0EwMCUzQyUyRnRkJTNFJTBBJTIwJTIwJTIwJTIwJTNDJTJGdHIlM0UlMEElMjAlMjAlMjAlMjAlM0N0ciUzRSUwQSUyMCUyMCUyMCUyMCUyMCUyMCUzQ3RkJTNFTUklQzMlODlSQ09MRVMlM0MlMkZ0ZCUzRSUwQSUyMCUyMCUyMCUyMCUyMCUyMCUzQ3RkJTNFMTYlM0EwMC0xOCUzQTAwJTNDJTJGdGQlM0UlMEElMjAlMjAlMjAlMjAlM0MlMkZ0ciUzRSUwQSUyMCUyMCUyMCUyMCUzQ3RyJTNFJTBBJTIwJTIwJTIwJTIwJTIwJTIwJTNDdGQlM0VKVUVWRVMlM0MlMkZ0ZCUzRSUwQSUyMCUyMCUyMCUyMCUyMCUyMCUzQ3RkJTNFMTUlM0EzMC0yMCUzQTAwJTNDJTJGdGQlM0UlMEElMjAlMjAlMjAlMjAlM0MlMkZ0ciUzRSUwQSUyMCUyMCUzQyUyRnRhYmxlJTNFJTBBJTNDJTJGZGl2JTNF[\/vc_raw_html][\/vc_column][\/vc_row][vc_row color_set=\u00bbsecondary_section\u00bb align=\u00bbtext-center\u00bb full_width=\u00bb0&#8243; full_height=\u00bb0&#8243; cols_valign=\u00bbvcenter\u00bb transparent_overlay=\u00bbtransparent_film\u00bb background=\u00bbbgimage\u00bb bgimage=\u00bb3378&#8243; parallax=\u00bb0&#8243;][vc_column align=\u00bbtext-center\u00bb]<div class=\"section_header subtitle_bottom   fancy text-center\">\n\n    <h2>\u00bfPodemos ayudarte?<\/h2>\n\n\n        <p >Si necesitas mas informaci\u00f3n p\u00f3ngase en contacto con nosotros<\/p>\n<\/div><div class=\"plethora_button wpb_content_element   text-center \">\n    <a href=\"https:\/\/www.elenamonje.es\/wp\/contact\/\" debug class=\" btn btn-success with-icon icon-left\" title=\"Contacto\"  target=\"_self\">\n\n         <i class=\"wmi icon-i-registration\"><\/i> \n        Pide una cita\n        \n\n    <\/a>\n<\/div>[\/vc_column][\/vc_row]<\/p>\n","protected":false},"excerpt":{"rendered":"<p>[vc_row color_set=\u00bbsecondary_section\u00bb full_width=\u00bb0&#8243; full_height=\u00bb0&#8243; row_padding=\u00bbno_padding\u00bb cols_padding=\u00bbno_cols_padding\u00bb elevate=\u00bbelevate\u00bb background=\u00bbtransparent\u00bb el_class=\u00bbfolded_section\u00bb][vc_column width=\u00bb1\/4&#8243; color_set=\u00bbskincolored_section\u00bb background=\u00bbtransparent\u00bb offset=\u00bbvc_col-xs-6&#8243; css=\u00bb.vc_custom_1587802078830{background-color: #579581 !important;}\u00bb][\/vc_column][vc_column width=\u00bb1\/4&#8243; color_set=\u00bbsecondary_section\u00bb background=\u00bbtransparent\u00bb offset=\u00bbvc_col-xs-6&#8243; css=\u00bb.vc_custom_1587802111110{background-color: #74ceb1 !important;}\u00bb][\/vc_column][vc_column width=\u00bb1\/4&#8243; color_set=\u00bbskincolored_section\u00bb offset=\u00bbvc_col-xs-6&#8243; css=\u00bb.vc_custom_1587802171725{background-color: #579581 !important;}\u00bb][\/vc_column][vc_column width=\u00bb1\/4&#8243; color_set=\u00bbskincolored_section\u00bb background=\u00bbtransparent\u00bb offset=\u00bbvc_col-xs-6&#8243; css=\u00bb.vc_custom_1587802190768{background-color: #74ceb1 !important;}\u00bb][\/vc_column][\/vc_row][vc_row full_width=\u00bb0&#8243; full_height=\u00bb0&#8243; row_padding=\u00bbno_top_padding\u00bb sep_bottom=\u00bbseparator_bottom sep_angled_positive_bottom\u00bb particles=\u00bb0&#8243; css=\u00bb.vc_custom_1586777262852{padding-bottom: 32px !important;}\u00bb][vc_column][\/vc_column][vc_column width=\u00bb2\/3&#8243; heading_align=\u00bbtext-center\u00bb align=\u00bbtext-left\u00bb margin=\u00bbmargin_bottom_grid\u00bb][vc_column_text]Atendemos a nuestros pacientes de forma cercana [&hellip;]<\/p>\n","protected":false},"author":1,"featured_media":0,"parent":0,"menu_order":0,"comment_status":"closed","ping_status":"closed","template":"","meta":[],"_links":{"self":[{"href":"https:\/\/www.elenamonje.es\/wp\/wp-json\/wp\/v2\/pages\/145"}],"collection":[{"href":"https:\/\/www.elenamonje.es\/wp\/wp-json\/wp\/v2\/pages"}],"about":[{"href":"https:\/\/www.elenamonje.es\/wp\/wp-json\/wp\/v2\/types\/page"}],"author":[{"embeddable":true,"href":"https:\/\/www.elenamonje.es\/wp\/wp-json\/wp\/v2\/users\/1"}],"replies":[{"embeddable":true,"href":"https:\/\/www.elenamonje.es\/wp\/wp-json\/wp\/v2\/comments?post=145"}],"version-history":[{"count":162,"href":"https:\/\/www.elenamonje.es\/wp\/wp-json\/wp\/v2\/pages\/145\/revisions"}],"predecessor-version":[{"id":4198,"href":"https:\/\/www.elenamonje.es\/wp\/wp-json\/wp\/v2\/pages\/145\/revisions\/4198"}],"wp:attachment":[{"href":"https:\/\/www.elenamonje.es\/wp\/wp-json\/wp\/v2\/media?parent=145"}],"curies":[{"name":"wp","href":"https:\/\/api.w.org\/{rel}","templated":true}]}}